{"id":5547,"date":"2021-04-06T19:19:36","date_gmt":"2021-04-06T17:19:36","guid":{"rendered":"https:\/\/goddessphotoshoots.com\/?page_id=5547"},"modified":"2022-08-02T18:47:06","modified_gmt":"2022-08-02T16:47:06","slug":"cgv","status":"publish","type":"page","link":"https:\/\/goddessphotoshoots.com\/fr\/cgv\/","title":{"rendered":"Conditions g\u00e9n\u00e9rales de vente"},"content":{"rendered":"\t<section class=\"section\" id=\"section_531023315\">\n\t\t<div class=\"bg section-bg fill bg-fill  bg-loaded\" >\n\n\t\t\t\n\t\t\t\n\t\t\t\n\n\t\t<\/div>\n\n\t\t\n\n\t\t<div class=\"section-content relative\">\n\t\t\t\n<div class=\"row\"  id=\"row-56047662\">\n\n\t<div id=\"col-769055481\" class=\"col small-12 large-12\"  >\n\t\t\t\t<div class=\"col-inner\"  >\n\t\t\t\n\t\t\t\n<h2>Conditions g\u00e9n\u00e9rales de vente<\/h2>\n<p><b>Site Web d\u00e9tenu et exploit\u00e9 par FLYING DRESS<\/b> <strong>LLC<\/strong><br \/>Le commercial est un \u00e9diteur de services d\u00e9di\u00e9s au tourisme pour les consommateurs, commercialis\u00e9s via le site https:\/\/goddessphotoshoots.com<br \/>La liste et le descriptif des services propos\u00e9s par la soci\u00e9t\u00e9 peuvent \u00eatre consult\u00e9s sur le site susvis\u00e9.<br \/>L111-1 code conso<br \/>FLYING DRESS LLC, Sharjah Media City, Sharjah, \u00c9mirats Arabes Unis. T\u00e9l\u00e9phone : +971 506211791<\/p>\n<p><b>Article 1 : Objet <\/b><br \/>Les pr\u00e9sentes conditions g\u00e9n\u00e9rales d\u00e9terminent les droits et obligations des parties dans le cadre de la vente en ligne de services propos\u00e9s par le vendeur.<\/p>\n<p><b>Article 2 : Dispositions g\u00e9n\u00e9rales <\/b><br \/>Les pr\u00e9sentes conditions g\u00e9n\u00e9rales de vente (CGV) s&#8217;appliquent \u00e0 toutes les ventes de produits ou de services r\u00e9alis\u00e9es par l&#8217;interm\u00e9diaire du site Internet de la soci\u00e9t\u00e9 faisant partie int\u00e9grante du contrat entre le consommateur et le vendeur.<br \/>Le vendeur se r\u00e9serve la possibilit\u00e9 de modifier les pr\u00e9sentes, \u00e0 tout moment et en fonction de l&#8217;\u00e9volution de sa soci\u00e9t\u00e9 par la publication d&#8217;une nouvelle version sur son site Internet. Les CGV applicables sont alors celles en vigueur \u00e0 la date du paiement, du premier paiement en cas de paiement multiple, de la commande.<br \/>Ces CGV sont consultables sur le site internet de la soci\u00e9t\u00e9 www.flyingdressdubai.com<br \/>La soci\u00e9t\u00e9 veille \u00e9galement \u00e0 ce que leur acceptation soit claire et sans r\u00e9serve \u00e0 partir du moment o\u00f9 le consommateur a choisi et accept\u00e9 de r\u00e9server une activit\u00e9 sur le site. De ce fait le client assure avoir pris connaissance de l&#8217;ensemble des pr\u00e9sentes conditions g\u00e9n\u00e9rales de vente, et les accepter sans restriction, ni r\u00e9serve.<br \/>Le client reconna\u00eet avoir re\u00e7u les conseils et informations n\u00e9cessaires pour s&#8217;assurer que l&#8217;offre est adapt\u00e9e \u00e0 ses besoins. Le client d\u00e9clare qu&#8217;il est juridiquement capable de conclure un contrat en vertu du droit des \u00c9mirats arabes unis ou qu&#8217;il est un repr\u00e9sentant valable de la personne physique ou morale pour laquelle il contracte. Sauf preuve contraire, les informations enregistr\u00e9es par la soci\u00e9t\u00e9 constituent la preuve de l&#8217;ensemble des transactions.<\/p>\n<p><b>Article 3 : Tarifs<\/b><\/p>\n<p>Les prix des services ou produits vendus sur le site sont indiqu\u00e9s en dirhams \u00e9miratis (AED) et pr\u00e9cis\u00e9ment d\u00e9termin\u00e9s sur les pages d\u00e9crivant les services ou produits.<br \/>La soci\u00e9t\u00e9 se r\u00e9serve le droit de modifier ses prix \u00e0 tout moment dans le futur.<br \/>Remarque importante : Conversions de devises<br \/>Les r\u00e9servations seront effectu\u00e9es en dirhams \u00e9miriens initialement affich\u00e9s pour l&#8217;activit\u00e9 concern\u00e9e. Les taux de conversion sont mis \u00e0 jour quotidiennement. Votre confiance dans les taux de conversion fournis est \u00e0 vos risques et p\u00e9rils, et FLYING DRESS LLC n&#8217;assume aucune responsabilit\u00e9 pour les cons\u00e9quences n\u00e9fastes.<br \/>R\u00e9visions<br \/>Toute modification de l&#8217;activit\u00e9 r\u00e9serv\u00e9e est soumise \u00e0 disponibilit\u00e9 et peut entra\u00eener une modification du tarif. Il peut occasionner des frais s&#8217;il intervient dans la p\u00e9riode de r\u00e9tractation.<\/p>\n<p><b>Article 4 : Conclusion du contrat en ligne<\/b><br \/>Le client devra suivre une s\u00e9rie d&#8217;\u00e9tapes propres \u00e0 chaque r\u00e9servation sur le site propos\u00e9 par le vendeur pour pouvoir ex\u00e9cuter sa commande. Toutefois, les \u00e9tapes d\u00e9crites ci-dessous sont syst\u00e9matiques : Choix du produit, v\u00e9rification de la commande, indication des donn\u00e9es essentielles du client (nom, pr\u00e9nom, adresse email, num\u00e9ro de t\u00e9l\u00e9phone), paiement des produits. Le paiement de votre r\u00e9servation engag\u00e9 par vos soins emporte de plein droit l&#8217;acceptation des conditions g\u00e9n\u00e9rales de vente d\u00e9crites ci-contre.<br \/>Le client recevra alors une confirmation par email du paiement de la r\u00e9servation et de sa validation. Afin d&#8217;ex\u00e9cuter correctement la commande et conform\u00e9ment \u00e0 l&#8217;article 1316-1 du code civil, le consommateur\/client s&#8217;engage \u00e0 fournir de v\u00e9ritables informations d&#8217;identification. Le vendeur se r\u00e9serve le droit de refuser la commande, par exemple pour toute commande anormale, pass\u00e9e de mauvaise foi ou pour tout motif l\u00e9gitime.<\/p>\n<p><b>Article 5 : Produits et services<\/b><br \/>Les caract\u00e9ristiques essentielles des biens et services et leurs prix respectifs sont mis \u00e0 disposition de l&#8217;acheteur sur le site internet de la soci\u00e9t\u00e9. Le vendeur s&#8217;engage \u00e0 honorer la commande du client. Ces informations contractuelles sont pr\u00e9sent\u00e9es en fran\u00e7ais et en anglais. Les parties conviennent que les illustrations ou photos des produits propos\u00e9s \u00e0 la vente n&#8217;ont pas de valeur contractuelle. La dur\u00e9e de validit\u00e9 de l&#8217;offre de produits et services ainsi que leurs prix est pr\u00e9cis\u00e9e sur le site internet de la soci\u00e9t\u00e9. Les droits conc\u00e9d\u00e9s au titre des pr\u00e9sentes le sont uniquement \u00e0 la personne physique signataire de la commande, ou \u00e0 la personne titulaire de l&#8217;adresse email communiqu\u00e9e.<\/p>\n<p>Les prix indiqu\u00e9s sur le site Internet repr\u00e9sentatifs des prestations ou produits de tiers ou de partenaires professionnels sont \u00e0 titre indicatif et incluent la TVA fix\u00e9e \u00e0 5%. Ces prix peuvent \u00eatre sujets \u00e0 augmentation ou diminution selon l&#8217;\u00e9volution du march\u00e9 touristique et selon l&#8217;\u00e9volution de notre entreprise. Les activit\u00e9s pour lesquelles le paiement est r\u00e9voqu\u00e9 ne seront pas impact\u00e9es par une augmentation tarifaire, ni rembours\u00e9es en cas de diminution. Aussi, dans le cas o\u00f9 une prestation serait d\u00e9fectueuse ou ne correspondrait pas \u00e0 la commande pass\u00e9e aupr\u00e8s des partenaires, ce litige sera examin\u00e9 sous l&#8217;autorit\u00e9 de FLYING DRESS LLC.<\/p>\n<p><b>Article 6 : Clause de r\u00e9serve de propri\u00e9t\u00e9<\/b><br \/>Les produits et services restent la propri\u00e9t\u00e9 de la soci\u00e9t\u00e9.<\/p>\n<p><b>Article 7 : Paiement<\/b><br \/>Le paiement est exigible imm\u00e9diatement \u00e0 la commande. Le client peut effectuer le paiement par carte de cr\u00e9dit ou en esp\u00e8ces. Les cartes \u00e9mises hors Union Europ\u00e9enne doivent obligatoirement \u00eatre des cartes bancaires internationales (Visa ou MasterCard). Le paiement en ligne s\u00e9curis\u00e9 par carte bancaire est effectu\u00e9 par notre prestataire de paiement. Les informations transmises sont crypt\u00e9es selon les r\u00e8gles de l&#8217;art et ne peuvent \u00eatre lues lors de leur transport sur le r\u00e9seau.<br \/>Une fois le paiement initi\u00e9 par le client, la transaction est imm\u00e9diatement d\u00e9bit\u00e9e apr\u00e8s v\u00e9rification des informations. Conform\u00e9ment aux dispositions du code mon\u00e9taire et financier, l&#8217;engagement de paiement par carte est irr\u00e9vocable. En communiquant ses informations bancaires au moment de la vente, le client autorise le vendeur \u00e0 d\u00e9biter sa carte du montant relatif au prix indiqu\u00e9. Le client confirme qu&#8217;il est titulaire de la carte \u00e0 d\u00e9biter et qu&#8217;il est l\u00e9galement habilit\u00e9 \u00e0 l&#8217;utiliser. En cas d&#8217;erreur, ou d&#8217;impossibilit\u00e9 de d\u00e9biter la carte, la vente est imm\u00e9diatement r\u00e9solue de plein droit et la commande annul\u00e9e.<\/p>\n<p><b>Article 8 : Politique d&#8217;annulation et de remboursement<\/b><br \/>Politique d&#8217;annulation<br \/>En cas d&#8217;annulation plus de 72h avant la date de l&#8217;activit\u00e9 choisie : 100% rembours\u00e9.<br \/>En cas d&#8217;annulation entre 72 heures et 24 heures avant l&#8217;activit\u00e9 : remboursement de 50 %, En cas d&#8217;annulation 24 heures ou moins avant l&#8217;activit\u00e9 : aucun remboursement.<br \/>Le montant total sera factur\u00e9 en cas de non-pr\u00e9sentation et si l&#8217;activit\u00e9 n&#8217;est pas honor\u00e9e. Aucun remboursement n&#8217;est possible apr\u00e8s l&#8217;\u00e9v\u00e9nement.<\/p>\n<p>Politique de reprogrammation<br \/>Un seul report gratuit est propos\u00e9. Elle doit \u00eatre communiqu\u00e9e 48h maximum avant la date choisie de l&#8217;activit\u00e9. En cas de demandes multiples de changement, ces actions seront factur\u00e9es \u00e0 30% du montant de l&#8217;activit\u00e9, par personne.<br \/>A d\u00e9faut de demande de reprogrammation 48h \u00e0 l&#8217;avance, celle-ci sera refus\u00e9e et aucun remboursement ne sera effectu\u00e9.<br \/>Les programmes ne peuvent \u00eatre annul\u00e9s pour cause d&#8217;intemp\u00e9ries, seul le partenaire est en mesure de juger de la possibilit\u00e9 de r\u00e9aliser une activit\u00e9 pour votre s\u00e9curit\u00e9 et selon les ordres re\u00e7us par les autorit\u00e9s.<\/p>\n<p><b>Article 9 : R\u00e9clamations<\/b><br \/>Liens vers d&#8217;autres sites<br \/>Notre site peut inclure des liens vers d&#8217;autres sites Web ou d&#8217;autres ressources. Parce que nous ne contr\u00f4lons pas ces sites et ressources, vous reconnaissez et acceptez que nous ne sommes pas responsables de la disponibilit\u00e9 de ces sites ou ressources externes, et n&#8217;approuvons pas et ne sommes pas responsables de tout contenu, publicit\u00e9, produits ou autre mat\u00e9riel sur ou disponibles sur ces sites ou ressources. Vous reconnaissez et acceptez en outre que nous ne sommes pas responsables, directement ou indirectement, de tout dommage ou perte caus\u00e9 par ou en relation avec l&#8217;utilisation ou la confiance accord\u00e9e \u00e0 un tel contenu, biens ou services sur ou via un tel site ou ressource. Enfin, vous reconnaissez que ces sites externes ont g\u00e9n\u00e9ralement leurs propres conditions g\u00e9n\u00e9rales et politiques de confidentialit\u00e9, sur lesquelles nous n&#8217;avons aucun contr\u00f4le et qui r\u00e9giront vos droits et obligations en ce qui concerne l&#8217;utilisation de ces sites Web.<br \/>Vos contacts avec des annonceurs et fournisseurs tiers\u00a0:<br \/>Vos interactions avec des annonceurs et des fournisseurs tiers trouv\u00e9s sur notre site ou via nos services, y compris votre participation \u00e0 des promotions, l&#8217;achat de biens ou de services, et tous les termes, conditions, garanties ou repr\u00e9sentations associ\u00e9s \u00e0 de telles interactions sont uniquement entre vous et ces tiers . Nous ne faisons aucune d\u00e9claration ou garantie concernant les biens ou services pouvant \u00eatre obtenus aupr\u00e8s de ces tiers ou de tout site Web tiers auquel vous pouvez acc\u00e9der. Vous acceptez en outre que nous n&#8217;assumons aucune responsabilit\u00e9 pour toute perte ou tout dommage de quelque nature que ce soit encouru \u00e0 la suite d&#8217;activit\u00e9s li\u00e9es \u00e0 l&#8217;utilisation ou \u00e0 la confiance accord\u00e9e \u00e0 tout contenu, biens, services, informations ou autres documents disponibles aupr\u00e8s de ou par l&#8217;interm\u00e9diaire de ces tiers ou sur notre site.<\/p>\n<p>Le cas \u00e9ch\u00e9ant, l&#8217;acheteur peut pr\u00e9senter toute r\u00e9clamation en contactant la soci\u00e9t\u00e9 au moyen des coordonn\u00e9es suivantes contact@goddessphotoshoots.com<\/p>\n<p><b>Article 10 : Propri\u00e9t\u00e9 de notre site et protection de nos droits de propri\u00e9t\u00e9 intellectuelle<\/b><br \/>Le contenu de notre site est destin\u00e9 \u00e0 l&#8217;usage personnel des utilisateurs de ce site. Tout droit, titre et int\u00e9r\u00eat dans et pour le contenu de notre site, y compris, mais sans s&#8217;y limiter, l&#8217;apparence et la convivialit\u00e9 du site, ses donn\u00e9es, informations, bases de donn\u00e9es, textes, graphiques, images, sons, vid\u00e9os, photos, composition , les logos, les noms, les marques de commerce, les marques de service, les noms commerciaux, les URL, le code informatique et le contenu fournis par des tiers (\u00ab\u00a0Contenu\u00a0\u00bb) sont la propri\u00e9t\u00e9 de nous ou de nos conc\u00e9dants de licence et sont prot\u00e9g\u00e9s par le droit d&#8217;auteur, le droit de base de donn\u00e9es, la marque de commerce, le brevet ou autre droits de propri\u00e9t\u00e9 intellectuelle et lois.<br \/>Vous ne pouvez pas : utiliser une ressource d&#8217;une quelconque mani\u00e8re autre que dans le cadre de votre utilisation de notre site conform\u00e9ment aux pr\u00e9sentes conditions ; copier, modifier, louer, louer, vendre, attribuer, distribuer, ex\u00e9cuter, afficher, conc\u00e9der sous licence ou d\u00e9compiler toute ressource, ou cr\u00e9er des \u0153uvres d\u00e9riv\u00e9es bas\u00e9es sur le site ou toute ressource (y compris, mais sans s&#8217;y limiter, tout logiciel) disponible via le Site, sauf autorisation expresse de notre part\u00a0; cr\u00e9er un lien vers notre site sans notre autorisation pr\u00e9alable\u00a0; ou utiliser nos marques de commerce, logos ou autres graphiques exclusifs pour cr\u00e9er un lien vers ce site, ou copier les ressources, sans autorisation \u00e9crite pr\u00e9alable.<br \/>Vous pouvez imprimer une copie et t\u00e9l\u00e9charger des extraits de n&#8217;importe quelle page de ce site pour votre usage personnel uniquement, \u00e0 condition que vous conserviez tous les avis de propri\u00e9t\u00e9 et de droit d&#8217;auteur. Toute autre utilisation du contenu de ce site est interdite, sauf autorisation \u00e9crite pr\u00e9alable de notre part. Sauf disposition expresse des pr\u00e9sentes Conditions, rien dans les pr\u00e9sentes ou sur ce Site ne doit \u00eatre interpr\u00e9t\u00e9 comme conf\u00e9rant, express\u00e9ment, par implication, pr\u00e9clusion ou autrement, une licence ou un droit sur ou sur notre contenu ou le contenu d&#8217;un tiers. Tous les droits non express\u00e9ment accord\u00e9s aux pr\u00e9sentes sont r\u00e9serv\u00e9s.<br \/>Vous vous engagez \u00e0 ne pas utiliser notre site pour :<br \/>usurper l&#8217;identit\u00e9 de toute autre personne ou entit\u00e9, ou faire des d\u00e9clarations au nom d&#8217;une personne ou d&#8217;une entit\u00e9 que vous ne repr\u00e9sentez pas\u00a0; publier des publicit\u00e9s, du contenu promotionnel, du courrier ind\u00e9sirable, des cha\u00eenes de lettres, des syst\u00e8mes pyramidaux ou toute autre forme de sollicitation non autoris\u00e9e, sauf indication expresse de notre part \u00e0 cette fin\u00a0; utiliser un robot, une exploration de donn\u00e9es ou tout autre dispositif automatique ou processus manuel pour surveiller ou copier des informations ou du contenu du site sans notre autorisation \u00e9crite pr\u00e9alable\u00a0; r\u00e9cup\u00e9rer syst\u00e9matiquement des donn\u00e9es ou tout autre contenu du Site, ou compiler, directement ou indirectement, une collection, une compilation, une base de donn\u00e9es ou un r\u00e9pertoire sans notre autorisation \u00e9crite pr\u00e9alable\u00a0; tenter, sans autorisation, d&#8217;acc\u00e9der ou d&#8217;interf\u00e9rer avec toute partie ou composant du Site, ou tout logiciel utilis\u00e9 en relation avec notre Site\u00a0; prendre toute mesure qui impose une charge d\u00e9raisonnable ou disproportionn\u00e9e sur l&#8217;infrastructure du Site\u00a0; diffuser ou transmettre tout contenu qui enfreint ou viole le droit d&#8217;auteur, la marque, le secret commercial, le brevet ou d&#8217;autres droits de propri\u00e9t\u00e9 de tiers\u00a0; Diffuser ou transmettre des vers, virus ou autres fichiers, codes ou programmes malveillants, perturbateurs ou destructeurs\u00a0; Violer toute loi (locale, \u00e9tatique, nationale ou internationale), intentionnellement ou non\u00a0; Forger des en-t\u00eates ou manipuler d&#8217;une autre mani\u00e8re les identifiants afin de dissimuler l&#8217;origine d&#8217;une publication\u00a0; Recueillir ou stocker des donn\u00e9es personnelles sur d&#8217;autres utilisateurs, y compris des noms d&#8217;utilisateur, des adresses e-mail ou d&#8217;autres informations personnelles sur les membres\u00a0; s&#8217;engager dans toute activit\u00e9 qui violerait la vie priv\u00e9e d&#8217;autrui, y compris, mais sans s&#8217;y limiter, la collecte et la distribution d&#8217;informations sur les utilisateurs d&#8217;Internet sans leur autorisation, sauf dans la mesure permise par la loi en vigueur\u00a0; provoquer l&#8217;interruption, l&#8217;endommagement, la diminution de l&#8217;efficacit\u00e9 ou l&#8217;alt\u00e9ration du Site ou de toute partie du Site de quelque mani\u00e8re que ce soit.<br \/>Si nous pensons qu&#8217;une personne a enfreint cette disposition, toute autre disposition des pr\u00e9sentes Conditions ou la loi de quelque mani\u00e8re que ce soit, nous nous r\u00e9servons le droit d&#8217;enqu\u00eater et de signaler ces activit\u00e9s et\/ou violations aux autorit\u00e9s comp\u00e9tentes et\/ou d&#8217;engager des poursuites judiciaires. contre une telle personne. Nous nous r\u00e9servons \u00e9galement le droit, sans pr\u00e9avis et \u00e0 notre seule discr\u00e9tion, de r\u00e9silier votre compte et\/ou de bloquer votre utilisation du Site. Nous n&#8217;aurons aucune responsabilit\u00e9 envers vous ou un tiers si nous r\u00e9silions votre ou leur acc\u00e8s au Site.<\/p>\n<p><b>Article 11 : Force majeure<\/b><br \/>L&#8217;ex\u00e9cution des obligations du vendeur au terme des pr\u00e9sentes est suspendue en cas de survenance d&#8217;un cas fortuit ou de force majeure qui en emp\u00eacherait l&#8217;ex\u00e9cution. Le vendeur informera le client de la survenance d&#8217;un tel \u00e9v\u00e9nement dans les meilleurs d\u00e9lais.<\/p>\n<p><b>Article 12 : Protection des donn\u00e9es personnelles<\/b><\/p>\n<p>Conform\u00e9ment \u00e0 la loi Informatique et Libert\u00e9s du 6 janvier 1978, vous disposez d&#8217;un droit d&#8217;interrogation, d&#8217;acc\u00e8s, de modification, d&#8217;opposition et de rectification de vos donn\u00e9es personnelles. En adh\u00e9rant aux pr\u00e9sentes conditions g\u00e9n\u00e9rales de vente, vous acceptez que nous collections et utilisions ces donn\u00e9es pour la r\u00e9alisation du pr\u00e9sent contrat. En renseignant votre adresse e-mail sur notre site, vous recevrez des e-mails contenant des informations et des offres promotionnelles concernant les produits \u00e9dit\u00e9s par la Soci\u00e9t\u00e9 et ses partenaires.<\/p>\n<p><b>Article 13 : Droit applicable<\/b><br \/>Toutes les clauses contenues dans les pr\u00e9sentes conditions g\u00e9n\u00e9rales de vente, ainsi que toutes les op\u00e9rations d&#8217;achat et de vente qui y sont vis\u00e9es, sont soumises au droit \u00e9mirati.<\/p>\n<p><b>Article 14 : Modification de nos services<\/b><br \/>Nous nous r\u00e9servons le droit, \u00e0 tout moment et de temps \u00e0 autre, de modifier, suspendre, interrompre ou mettre fin \u00e0 votre utilisation de notre site et\/ou de nos services (en tout ou en partie), avec ou sans pr\u00e9avis. Vous acceptez que nous ne serons pas responsables envers vous ou envers un tiers pour toute modification, suspension, interruption ou r\u00e9siliation de votre utilisation de nos services.<\/p>\n<p><b>Article 15 : Clause de non-responsabilit\u00e9 et garanties<\/b><\/p>\n<p>En utilisant notre site et\/ou nos services, vous comprenez et acceptez que, dans la mesure permise par la loi :<\/p>\n<p>Votre utilisation de notre site et\/ou de nos services est \u00e0 vos risques et p\u00e9rils\u00a0; Bien que nous prenions toutes les pr\u00e9cautions raisonnables pour cr\u00e9er, s\u00e9lectionner et assembler les \u00e9l\u00e9ments sur notre site et en relation avec nos services, notre site et\/ou nos services sont fournis \u00ab tels quels \u00bb et \u00ab selon leur disponibilit\u00e9 \u00bb, et nous d\u00e9clinons express\u00e9ment toute les garanties de toute nature, expresses ou implicites, y compris, mais sans s&#8217;y limiter, les garanties implicites de titre, de qualit\u00e9 marchande, d&#8217;ad\u00e9quation \u00e0 un usage particulier et de non-contrefa\u00e7on\u00a0; Nous ne faisons aucune d\u00e9claration ni ne garantissons que notre site et\/ou nos services r\u00e9pondront \u00e0 vos exigences, que notre site et\/ou nos services seront ininterrompus, s\u00e9curis\u00e9s, opportuns ou sans erreur, que les r\u00e9sultats pouvant \u00eatre obtenus gr\u00e2ce \u00e0 l&#8217;utilisation de notre site et\/ou les services seront pr\u00e9cis, opportuns, utiles ou fiables, ou que la qualit\u00e9 de tout produit, service, publication, information ou autre ressource obtenue par vous via notre site et\/ou nos services r\u00e9pondra \u00e0 vos exigences.<\/p>\n<p><b>Article 16 : Indemnisation<\/b><br \/>Vous acceptez de nous indemniser et de nous d\u00e9gager, ainsi que nos soci\u00e9t\u00e9s affili\u00e9es, leurs dirigeants, membres, administrateurs, employ\u00e9s et agents, de toute responsabilit\u00e9 imm\u00e9diatement sur demande, y compris, mais sans s&#8217;y limiter, les honoraires d&#8217;avocat et les frais de justice raisonnables d\u00e9coulant de ou li\u00e9s de quelque mani\u00e8re que ce soit \u00e0 votre utilisation de ou la confiance accord\u00e9e \u00e0 nos Services, votre connexion \u00e0 notre Site, votre violation des pr\u00e9sentes Conditions ou votre violation des droits d&#8217;autrui.<\/p>\n<p><b>Article 17 : Limitation des actions contre nous<\/b><br \/>Vous acceptez que toute r\u00e9clamation ou cause d&#8217;action d\u00e9coulant de votre utilisation de notre site ou des pr\u00e9sentes conditions doit \u00eatre introduite dans l&#8217;ann\u00e9e suivant la survenance de cette r\u00e9clamation ou cause d&#8217;action ou \u00eatre \u00e0 jamais prescrite, nonobstant toute limitation l\u00e9gale ou autre loi contraire. Pendant cette p\u00e9riode, tout manquement de notre part \u00e0 faire respecter ou \u00e0 appliquer une disposition des pr\u00e9sentes Conditions, ou des droits qui en d\u00e9coulent, ne constituera pas une renonciation \u00e0 ces droits ou dispositions. Si une disposition des pr\u00e9sentes Conditions est jug\u00e9e contraire \u00e0 la loi, elle sera interpr\u00e9t\u00e9e de la mani\u00e8re qui refl\u00e8te au mieux les intentions des parties, et les dispositions restantes resteront pleinement en vigueur.<\/p>\n<div>Nos retouches comprennent :<\/div>\n<ul>\n<li>les couleurs<\/li>\n<li>le volume de la robe<\/li>\n<li>Harmonisation de la photo\u00a0<\/li>\n<li>Le retrait des \u00e9l\u00e9ments g\u00eanants (d\u00e9chets, v\u00e9g\u00e9tation, personne..)<\/li>\n<\/ul>\n<div>\u00a0<\/div>\n<div>Nos retouches ne comprennent pas :<\/div>\n<ul>\n<li>La modification du visage\u00a0<\/li>\n<li>La modification du corps (certaines parties peuvent \u00eatre retouch\u00e9es sur demande et sous r\u00e9serve de faisabilit\u00e9)<\/li>\n<li>La modification de l\u2019\u00e9tat des v\u00eatements<\/li>\n<\/ul>\n<div>\u00a0<\/div>\n<div>Le d\u00e9lai du renvoi de la s\u00e9lection de photos \u00e0 retoucher<\/div>\n<div>Vous disposez de 7 jours \u00e0 partir de l\u2019envoi de votre pellicule pour nous renvoyer votre s\u00e9lection de photos \u00e0 retoucher.<\/div>\n<div>Au-del\u00e0 de ce d\u00e9lai nous ne pourrons garantir le d\u00e9lai de livraison du r\u00e9sultat final initialement communiqu\u00e9<\/div>\n<div>\u00a0<\/div>\n<div><strong>Validit\u00e9 des liens de t\u00e9l\u00e9chargement<\/strong><\/div>\n<div>Les liens de t\u00e9l\u00e9chargement sont valides 7 jours.<\/div>\n<div>En cas d\u2019expiration, le lien pourra \u00eatre envoy\u00e9 1 fois sans frais, tout envoi suppl\u00e9mentaire sera factur\u00e9 100AED.<\/div>\n<div>\u00a0<\/div>\n<div><strong>Responsabilit\u00e9 du client<\/strong><\/div>\n<div>Chaque client est responsable de la tenue qui lui est pr\u00eat\u00e9 pour la s\u00e9ance photo.<\/div>\n<div>Il s\u2019engage \u00e0 la rendre dans l\u2019\u00e9tat.<\/div>\n<div>En cas de dommage, FlyingDress LLC, se r\u00e9serve le droit de facturer :<\/div>\n<div>600AED par robe FlyingDress femme et enfant<\/div>\n<div>200AED par tenue Emirati homme et enfant<\/div>\n<div>\u00a0<\/div>\n<div><strong>Marketing &amp; Communication<\/strong><\/div>\n<div>FlyingDress LLC se r\u00e9serve le droit d\u2019utiliser vos photos \u00e0 des fins commerciales, marketing et de communication sans limitation.<\/div>\n<div>En cas de non-consentement, le client devra en faire part \u00e0 FlyingDress LLC lors de la validation de sa commande en commentaire, \u00e0 r\u00e9ception des photos non retouch\u00e9e ou en nous contactant par email \u00e0 contact@goddessphotoshoots.com\u00a0<\/div>\n<p>Derni\u00e8re mise \u00e0 jour : 31 Juillet 2022<\/p>\n\t\t<\/div>\n\t\t\t\t\t<\/div>\n\n\t\n<\/div>\n\t\t<\/div>\n\n\t\t\n<style>\n#section_531023315 {\n  padding-top: 30px;\n  padding-bottom: 30px;\n}\n<\/style>\n\t<\/section>\n\t\n","protected":false},"excerpt":{"rendered":"","protected":false},"author":1,"featured_media":0,"parent":0,"menu_order":0,"comment_status":"closed","ping_status":"closed","template":"","meta":{"footnotes":""},"class_list":["post-5547","page","type-page","status-publish","hentry"],"aioseo_notices":[],"_links":{"self":[{"href":"https:\/\/goddessphotoshoots.com\/fr\/wp-json\/wp\/v2\/pages\/5547","targetHints":{"allow":["GET"]}}],"collection":[{"href":"https:\/\/goddessphotoshoots.com\/fr\/wp-json\/wp\/v2\/pages"}],"about":[{"href":"https:\/\/goddessphotoshoots.com\/fr\/wp-json\/wp\/v2\/types\/page"}],"author":[{"embeddable":true,"href":"https:\/\/goddessphotoshoots.com\/fr\/wp-json\/wp\/v2\/users\/1"}],"replies":[{"embeddable":true,"href":"https:\/\/goddessphotoshoots.com\/fr\/wp-json\/wp\/v2\/comments?post=5547"}],"version-history":[{"count":5,"href":"https:\/\/goddessphotoshoots.com\/fr\/wp-json\/wp\/v2\/pages\/5547\/revisions"}],"predecessor-version":[{"id":6365,"href":"https:\/\/goddessphotoshoots.com\/fr\/wp-json\/wp\/v2\/pages\/5547\/revisions\/6365"}],"wp:attachment":[{"href":"https:\/\/goddessphotoshoots.com\/fr\/wp-json\/wp\/v2\/media?parent=5547"}],"curies":[{"name":"wp","href":"https:\/\/api.w.org\/{rel}","templated":true}]}}