{"id":5969,"date":"2022-07-21T03:17:57","date_gmt":"2022-07-21T01:17:57","guid":{"rendered":"https:\/\/goddessphotoshoots.com\/?page_id=5969"},"modified":"2022-07-21T03:26:18","modified_gmt":"2022-07-21T01:26:18","slug":"politique-de-confidentialite","status":"publish","type":"page","link":"https:\/\/goddessphotoshoots.com\/fr\/politique-de-confidentialite\/","title":{"rendered":"Politique de confidentialit\u00e9"},"content":{"rendered":"\t<section class=\"section\" id=\"section_2077822818\">\n\t\t<div class=\"bg section-bg fill bg-fill  bg-loaded\" >\n\n\t\t\t\n\t\t\t\n\t\t\t\n\n\t\t<\/div>\n\n\t\t\n\n\t\t<div class=\"section-content relative\">\n\t\t\t\n<div class=\"row\"  id=\"row-469193068\">\n\n\t<div id=\"col-379508083\" class=\"col small-12 large-12\"  >\n\t\t\t\t<div class=\"col-inner\"  >\n\t\t\t\n\t\t\t\n<h2>Politique de confidentialit\u00e9<\/h2>\n<p><strong>DERNI\u00c8RE<\/strong> <b>MISE \u00c0 JOUR : 28 F\u00c9VRIER 2021<\/b><br \/><b>1. INTRODUCTION<\/b><\/p>\n<p>Cette politique de confidentialit\u00e9 explique nos pratiques en mati\u00e8re de donn\u00e9es personnelles et les choix que vous faites concernant leur utilisation.<br \/>FLYING DRESS LLC respecte votre vie priv\u00e9e et s&#8217;engage \u00e0 prot\u00e9ger la vie priv\u00e9e, la confidentialit\u00e9 et la s\u00e9curit\u00e9 des donn\u00e9es personnelles que vous nous fournissez ou que nous collectons \u00e0 votre sujet lorsque vous utilisez nos sites Web, les pages de r\u00e9seaux sociaux que nous contr\u00f4lons et les applications logicielles disponibles sur ordinateurs et appareils mobiles qui incluent un lien vers cette politique de confidentialit\u00e9, ainsi que lorsque vous fournissez vos informations par t\u00e9l\u00e9phone via nos centres d&#8217;appels ou en personne (collectivement les Sites). Nos pratiques de confidentialit\u00e9 peuvent varier d&#8217;un pays \u00e0 l&#8217;autre pour refl\u00e9ter les coutumes et r\u00e9glementations locales. Nous reconnaissons que nous avons la responsabilit\u00e9 de prot\u00e9ger vos informations personnelles, de les garder en s\u00e9curit\u00e9 et de nous conformer aux lois applicables en mati\u00e8re de confidentialit\u00e9 et de protection des donn\u00e9es.<br \/>Il peut vous \u00eatre demand\u00e9 d&#8217;accepter les termes de cette politique de confidentialit\u00e9 lorsque vous effectuez une r\u00e9servation, vous inscrivez \u00e0 des \u00e9v\u00e9nements ou des promotions, ou communiquez autrement avec nous via les sites ou tel que requis par la loi. Sinon, votre utilisation continue des Sites constituera votre acceptation des termes de la pr\u00e9sente Politique de confidentialit\u00e9.<\/p>\n<p><b>2. INFORMATIONS PERSONNELLES QUE NOUS COLLECTONS<\/b><\/p>\n<p>Informations personnelles que vous nous envoyez<br \/>Lorsque vous utilisez nos Sites, vous pouvez volontairement nous fournir certaines informations sur vous-m\u00eame ou sur d&#8217;autres, par exemple lorsque vous cr\u00e9ez un compte ou effectuez une r\u00e9servation. Nous pouvons collecter des informations personnelles sur vous ou sur d&#8217;autres (informations qui vous identifient ou vous concernent en tant qu&#8217;individu identifiable) que vous pouvez fournir via les sites, telles que\u00a0:<br \/>&#8211; votre nom, date et lieu de naissance, ainsi que les informations relatives au passeport et au visa\u00a0;<br \/>&#8211; votre adresse postale ; et<br \/>&#8211; Ton num\u00e9ro de t\u00e9l\u00e9phone;<br \/>&#8211; Votre adresse e-mail;<br \/>&#8211; des informations qui nous permettent de vous fournir des services sp\u00e9cialis\u00e9s ou de r\u00e9pondre \u00e0 des demandes sp\u00e9ciales, telles que des conditions de sant\u00e9 ou des r\u00e9gimes alimentaires particuliers, mais nous ne collectons pas d&#8217;informations sensibles vous concernant, telles que des informations de sant\u00e9, sauf pour nous permettre raisonnablement de vous fournir certains services ;<br \/>&#8211; votre num\u00e9ro de carte de cr\u00e9dit ou de d\u00e9bit, sa date d&#8217;expiration et son cryptogramme visuel\u00a0;<br \/>&#8211; les informations et pr\u00e9f\u00e9rences relatives \u00e0 votre s\u00e9jour ou voyage, telles que vos lieux\/installations pr\u00e9f\u00e9r\u00e9s, les dates et le nombre de personnes\/enfants voyageant avec vous\u00a0;<br \/>&#8211; informations d\u00e9mographiques (\u00e2ge, sexe, nationalit\u00e9 et pr\u00e9f\u00e9rence linguistique)<\/p>\n<p><b>Informations collect\u00e9es automatiquement<\/b><\/p>\n<p>Nos sites internet collectent des informations statistiques sur les utilisateurs afin de proposer un site internet accueillant et accessible. Pour ce faire, nous pouvons garder une trace de la fa\u00e7on dont vous naviguez sur les Sites, les pages \u00e0 partir desquelles vous avez \u00e9t\u00e9 r\u00e9f\u00e9r\u00e9, les heures auxquelles vous y acc\u00e9dez et votre type de navigateur. Nous utilisons ces informations uniquement sous forme agr\u00e9g\u00e9e et ne les lions pas \u00e0 vous personnellement. Pour \u00e9valuer l&#8217;efficacit\u00e9 de nos sites Web et analyser le trafic du site, comprendre les besoins et les tendances des clients, nous collectons des informations g\u00e9n\u00e9riques sur nos visiteurs. Nos serveurs Web reconnaissent et enregistrent automatiquement le nom de domaine d&#8217;un visiteur, la page Web \u00e0 partir de laquelle un visiteur acc\u00e8de \u00e0 nos sites Web, les pages qu&#8217;un visiteur consulte, le temps qu&#8217;un visiteur passe sur chaque page et l&#8217;adresse IP du visiteur. Nous pouvons utiliser des technologies de suivi anonymes pour collecter, stocker et parfois garder une trace des informations \u00e0 des fins statistiques ou pour am\u00e9liorer nos services, y compris dans le but d&#8217;\u00e9valuer et d&#8217;am\u00e9liorer notre site Web. Nous collectons et stockons \u00e9galement des informations automatiquement \u00e0 l&#8217;aide de cookies et de technologies similaires d\u00e9crites ci-dessous.<br \/>Ces donn\u00e9es ne contiennent pas d&#8217;informations personnelles. Si nous combinons des donn\u00e9es anonymis\u00e9es ou agr\u00e9g\u00e9es avec des informations personnelles, nous traiterons ces informations combin\u00e9es comme des informations personnelles conform\u00e9ment \u00e0 la pr\u00e9sente politique de confidentialit\u00e9.<\/p>\n<p><b>3. UTILISATION DE VOS INFORMATIONS<\/b><\/p>\n<p>Nous pouvons utiliser vos informations personnelles que vous nous envoyez, ainsi que les informations non personnelles que nous collectons automatiquement aux fins d\u00e9crites dans la pr\u00e9sente politique de confidentialit\u00e9 dans le cadre g\u00e9n\u00e9ral de nos activit\u00e9s et conform\u00e9ment aux bases juridiques \u00e9nonc\u00e9es, par exemple, \u00e0:<br \/>&#8211; traiter, effectuer et enregistrer les r\u00e9servations et\/ou achats ;<br \/>&#8211; d\u00e9biter votre carte de cr\u00e9dit pour les r\u00e9servations et les acomptes ;<br \/>&#8211; vous contacter pour confirmation ou vous proposer des services apr\u00e8s r\u00e9servations et achats ou apr\u00e8s inscription \u00e0 certaines activit\u00e9s ;<br \/>&#8211; suivre les r\u00e9servations et les s\u00e9jours ;<br \/>&#8211; vous envoyer des e-mails concernant votre s\u00e9jour ;<br \/>&#8211; vous envoyer des supports de communication tels que des enqu\u00eates clients ou des offres promotionnelles et avantages ;<br \/>&#8211; vous envoyer des offres sp\u00e9ciales, des concours et des produits vedettes, si vous choisissez de recevoir de telles notifications\u00a0;<br \/>&#8211; r\u00e9pondre \u00e0 vos demandes, r\u00e9clamations ou autres messages ;<\/p>\n<p><b>4. DIVULGATION DE VOS INFORMATIONS<\/b><\/p>\n<p>En tant qu&#8217;agence de voyages internationaux, nous devons partager des informations entre diff\u00e9rents pays afin de vous fournir nos services de mani\u00e8re coh\u00e9rente. Par cons\u00e9quent, vos informations personnelles peuvent \u00eatre partag\u00e9es aussi souvent que raisonnablement n\u00e9cessaire et comme indiqu\u00e9 dans la pr\u00e9sente politique de confidentialit\u00e9 avec\u00a0:<br \/>&#8211; toute entit\u00e9, toute agence que nous g\u00e9rons ;<br \/>&#8211; les voyagistes, agents de voyages, assistants personnels, employeurs ou conjoints qui nous ont fourni vos informations personnelles\u00a0; et<br \/>&#8211; les tiers pour lesquels nous avons re\u00e7u votre consentement ;<br \/>&#8211; des partenaires de confiance qui les traitent en notre nom conform\u00e9ment \u00e0 nos instructions et \u00e0 notre politique de confidentialit\u00e9 et \u00e0 toute autre mesure de confidentialit\u00e9 et de s\u00e9curit\u00e9 appropri\u00e9e, y compris\u00a0;<br \/>&#8211; nos partenaires marketing et publicitaires, afin de vous proposer des publicit\u00e9s plus pertinentes sur nos sites Web et de vous encourager \u00e0 revenir sur nos sites Web, et Cheetah Digital ou MailChimp, qui h\u00e9bergent en toute s\u00e9curit\u00e9 les e-mails et livrent nos communications par e-mail en tant que fournisseur. Nous exigeons contractuellement de ces fournisseurs de services qu&#8217;ils gardent vos informations personnelles en s\u00e9curit\u00e9 et soient autoris\u00e9s \u00e0 utiliser vos informations personnelles uniquement aux fins que nous sp\u00e9cifions.<br \/>&#8211; Des tiers non affili\u00e9s \u00e0 FLYING DRESS LLC si nous pensons de bonne foi qu&#8217;il est raisonnablement n\u00e9cessaire de\u00a0: (1) se conformer aux lois, r\u00e9glementations, proc\u00e9dures l\u00e9gales ou demandes gouvernementales applicables\u00a0; (2) appliquer les conditions d&#8217;utilisation applicables, y compris pour enqu\u00eater sur les violations potentielles\u00a0; (3) d\u00e9tecter, pr\u00e9venir ou r\u00e9soudre toute ill\u00e9galit\u00e9, fraude, probl\u00e8mes de s\u00e9curit\u00e9 ou techniques\u00a0; et (4) pour se pr\u00e9munir contre toute atteinte aux droits, \u00e0 la propri\u00e9t\u00e9 ou \u00e0 la s\u00e9curit\u00e9 de FLYING DRESS LLC, de nos utilisateurs ou du grand public lorsque la loi l&#8217;exige ou le permet\u00a0; et (5) des tiers dans la mesure n\u00e9cessaire \u00e0 la vente de tout ou partie de nos op\u00e9rations commerciales ou produits et\/ou h\u00e9bergement qui ne sont plus g\u00e9r\u00e9s ou d\u00e9tenus par FLYING DRESS LLC.<\/p>\n<p><b>5. TRANSFERT DE DONN\u00c9ES \u00c0 L&#8217;\u00c9TRANGER<\/b><\/p>\n<p>Lorsque vous utilisez et\/ou achetez nos services ou produits, nous pouvons transf\u00e9rer vos informations personnelles vers plusieurs pays. En cons\u00e9quence, nous pouvons transf\u00e9rer et stocker vos Informations Personnelles :<br \/>&#8211; sur nos sites Web et serveurs situ\u00e9s \u00e0 Duba\u00ef, aux \u00c9mirats arabes unis\u00a0;<br \/>&#8211; \u00e0 ou vers Duba\u00ef, \u00c9mirats Arabes Unis, o\u00f9 sont situ\u00e9s nos bureaux ;<br \/>&#8211; dans les pays o\u00f9 nous poss\u00e9dons, exploitons ou entretenons des bureaux de vente, y compris le Maroc<br \/>&#8211; dans les pays o\u00f9 sont implant\u00e9s nos prestataires ou consultants tiers.<br \/>Certains de ces pays peuvent ne pas offrir le m\u00eame niveau de confidentialit\u00e9, mais nous prendrons des mesures raisonnables pour nous assurer que les transferts d&#8217;informations sont effectu\u00e9s dans des conditions de s\u00e9curit\u00e9 appropri\u00e9es afin de pr\u00e9server votre confidentialit\u00e9.<\/p>\n<p><b>6. EXPLICATION DE LA BASE JURIDIQUE DU TRAITEMENT<\/b><\/p>\n<p>Les bases l\u00e9gales pour la collecte et le traitement de vos Informations Personnelles incluent :<br \/>&#8211; conformit\u00e9 l\u00e9gale &#8211; si la loi applicable l&#8217;exige (par exemple, les demandes de la police, les enqu\u00eates sur les fraudes ou les ordonnances du tribunal), nous pouvons collecter et traiter vos donn\u00e9es.<br \/>&#8211; Int\u00e9r\u00eat l\u00e9gitime &#8211; pour poursuivre nos int\u00e9r\u00eats l\u00e9gitimes, tels que la fourniture de services et de produits que vous avez demand\u00e9s d&#8217;une mani\u00e8re \u00e0 laquelle on peut raisonnablement s&#8217;attendre dans le cadre de la gestion de notre entreprise et qui n&#8217;affecte pas mat\u00e9riellement vos droits, libert\u00e9 ou int\u00e9r\u00eats.<\/p>\n<p><b>7. S\u00c9CURIT\u00c9<\/b><\/p>\n<p>Nous employons des mesures techniques, administratives et physiques raisonnables pour prot\u00e9ger les informations personnelles de notre syst\u00e8me contre une mauvaise utilisation, une perte ou une alt\u00e9ration. Bien que nous nous efforcions d&#8217;utiliser des moyens commercialement raisonnables pour prot\u00e9ger vos informations personnelles, nous ne pouvons garantir leur s\u00e9curit\u00e9 absolue.<br \/>Nous ne pouvons pas assurer ou surveiller la s\u00e9curit\u00e9 des ordinateurs, des appareils \u00e9lectroniques ou des m\u00e9thodes de communication \u00e9lectronique que vous utilisez pour envoyer des courriels et nous transmettre des renseignements personnels sur Internet. Il est de votre responsabilit\u00e9 de vous assurer que les ordinateurs, appareils \u00e9lectroniques et m\u00e9thodes de communication \u00e9lectronique que vous utilisez offrent un niveau de s\u00e9curit\u00e9 ad\u00e9quat pour communiquer avec nous. Nous ne sommes pas responsables de la divulgation ou de l&#8217;interception de vos informations personnelles avant leur r\u00e9ception par nous.<\/p>\n<p><b>8. RETRAIT DE VOTRE CONSENTEMENT<\/b><\/p>\n<p>Vous n&#8217;\u00eates pas tenu de nous fournir vos informations personnelles. Cependant, si vous choisissez de ne pas fournir certaines informations personnelles que nous demandons et\/ou exigeons ou de consentir \u00e0 leur utilisation et divulgation, vous pourrez toujours visiter nos sites, mais vous pourriez ne pas avoir acc\u00e8s \u00e0 certaines options, produits ou services. et, dans certains cas, il se peut que nous ne soyons pas en mesure de traiter votre r\u00e9servation.<br \/>Vous avez le droit de nous demander de cesser d&#8217;utiliser vos informations pour nos activit\u00e9s de marketing direct. Veuillez envoyer votre demande \u00e9crite avec votre nom et vos coordonn\u00e9es \u00e0 l&#8217;adresse indiqu\u00e9e ci-dessous dans contactez-nous. Nous r\u00e9pondrons \u00e0 votre demande dans les 30 jours suivant la r\u00e9ception de votre lettre ou plus t\u00f4t si la loi l&#8217;exige.<br \/>LIENS TIERS<br \/>Nous pouvons autoriser des tiers \u00e0 cr\u00e9er un lien vers nos sites ou \u00e0 publier un lien vers leur site sur le n\u00f4tre. Nous n&#8217;approuvons pas ces sites et ne sommes pas responsables de leurs pratiques de confidentialit\u00e9 ou de celles d&#8217;autres sites. Nous ne sommes pas responsables des activit\u00e9s men\u00e9es ou des informations contenues sur les sites Web de tiers.<\/p>\n<p><b>9. VIE PRIV\u00c9E DES ENFANTS<\/b><\/p>\n<p>Nous ne collectons pas sciemment des informations personnelles sur des enfants de moins de 13 ans, bien que nous puissions collecter des informations personnelles sur un enfant dans le cadre du processus de participation \u00e0 des activit\u00e9s sur les sites Web, mais toujours avec le consentement d&#8217;un parent ou d&#8217;un tuteur.<\/p>\n<p><b>10. COMBIEN DE TEMPS CONSERVONS-NOUS VOS INFORMATIONS PERSONNELLES<\/b><\/p>\n<p>Chaque fois que nous collectons ou traitons vos informations personnelles, nous ne les conservons que le temps n\u00e9cessaire aux fins pour lesquelles elles ont \u00e9t\u00e9 collect\u00e9es, pour des proc\u00e9dures judiciaires actives, \u00e0 des fins commerciales identifiables et continues (telles que la tenue de dossiers) et dans la mesure permise par la loi applicable. .<br \/>S&#8217;il n&#8217;y a pas de justification suffisante pour conserver ces informations personnelles, elles seront supprim\u00e9es, \u00e9limin\u00e9es, bloqu\u00e9es et\/ou anonymis\u00e9es de mani\u00e8re s\u00e9curis\u00e9e, par exemple par agr\u00e9gation avec d&#8217;autres donn\u00e9es afin qu&#8217;elles puissent \u00eatre utilis\u00e9es de mani\u00e8re non identifiable \u00e0 des fins d&#8217;analyse statistique et Planning d&#8217;affaires.<\/p>\n<p><b>11. MODIFICATIONS DE CETTE POLITIQUE DE CONFIDENTIALIT\u00c9<\/b><\/p>\n<p>Nous pouvons modifier cette politique de confidentialit\u00e9 sans pr\u00e9avis. Nous pouvons utiliser \u00e0 tout moment les informations des clients \u00e0 des fins nouvelles et impr\u00e9vues qui n&#8217;ont pas encore \u00e9t\u00e9 divulgu\u00e9es dans notre politique de confidentialit\u00e9. Si nos pratiques en mati\u00e8re d&#8217;information changent \u00e0 l&#8217;avenir, nous publierons les modifications apport\u00e9es \u00e0 la politique de confidentialit\u00e9 sur nos sites pour vous en informer et vous donner la possibilit\u00e9 de vous retirer de ces nouvelles utilisations. Toute politique de confidentialit\u00e9 r\u00e9vis\u00e9e s&#8217;appliquera uniquement aux informations personnelles ou aux informations non personnelles collect\u00e9es ou modifi\u00e9es apr\u00e8s la date d&#8217;entr\u00e9e en vigueur de cette politique r\u00e9vis\u00e9e.<\/p>\n<p><b>12. COMMENT NOUS CONTACTER<\/b><\/p>\n<p>Vos principaux droits en vertu du r\u00e8glement g\u00e9n\u00e9ral de l&#8217;Union europ\u00e9enne sur la protection des donn\u00e9es sont\u00a0: (a) droit d&#8217;acc\u00e8s; (b) droit de rectification; (c) droit \u00e0 l&#8217;effacement\u00a0; (d) droit de restreindre le traitement\u00a0; (e) droit de s&#8217;opposer au traitement\u00a0; (f) droit \u00e0 la portabilit\u00e9 des donn\u00e9es\u00a0; (g) droit de porter plainte aupr\u00e8s d&#8217;une autorit\u00e9 de contr\u00f4le\u00a0; et (h) droit de retirer votre consentement. Vous pouvez exercer ces droits concernant vos informations personnelles en contactant notre d\u00e9l\u00e9gu\u00e9 \u00e0 la protection des donn\u00e9es. Vous pouvez \u00e9galement contacter le d\u00e9l\u00e9gu\u00e9 \u00e0 la protection des donn\u00e9es pour toute question ou r\u00e9clamation concernant cette politique de confidentialit\u00e9 ou un probl\u00e8me de confidentialit\u00e9. Veuillez le\/la contacter par e-mail \u00e0 contact@goddessphotoshoots.com<br \/>Et veuillez nous fournir votre nom complet, votre adresse, votre num\u00e9ro de t\u00e9l\u00e9phone et une copie d&#8217;une pi\u00e8ce d&#8217;identit\u00e9 (par exemple, une carte d&#8217;identit\u00e9 ou un passeport) afin que nous puissions v\u00e9rifier votre identit\u00e9 et si nous avons des informations personnelles vous concernant ou si nous vous contactons pour obtenir toute information compl\u00e9mentaire.<br \/>Vous pouvez \u00e9galement adresser votre r\u00e9clamation\/question \u00e0 l&#8217;autorit\u00e9 comp\u00e9tente en mati\u00e8re de protection des donn\u00e9es.<\/p>\n<p><b>13. POLITIQUE DE COOKIES<\/b><\/p>\n<p>Nous utilisons des cookies pour am\u00e9liorer votre exp\u00e9rience sur nos sites Web et pour recommander du contenu susceptible de vous int\u00e9resser. Vous pouvez en savoir plus ci-dessous sur ce que sont les cookies, quels cookies nous utilisons et comment les d\u00e9sactiver.<br \/>Vous pouvez indiquer votre acceptation de notre utilisation des cookies conform\u00e9ment \u00e0 la pr\u00e9sente politique de confidentialit\u00e9 en cliquant sur OK sur la partie appropri\u00e9e de la banni\u00e8re qui appara\u00eet sur les sites Web ou en continuant \u00e0 utiliser les sites Web apr\u00e8s l&#8217;apparition de la banni\u00e8re. Cependant, veuillez noter que si vous ne cliquez pas sur OK, mais continuez \u00e0 naviguer sur les sites Web, vous serez r\u00e9put\u00e9 avoir accept\u00e9 notre utilisation des cookies (et le but pour lequel nous les utilisons) conform\u00e9ment \u00e0 la pr\u00e9sente politique de confidentialit\u00e9.<\/p>\n<p><b>Que sont les cookies ?<\/b><\/p>\n<p>Un cookie est un fichier texte contenant une petite quantit\u00e9 d&#8217;informations qui est plac\u00e9 sur votre appareil lorsque vous visitez un site Web. Le fichier texte est ensuite renvoy\u00e9 \u00e0 notre serveur chaque fois que votre navigateur demande une page au serveur. Cela nous permet d&#8217;exploiter les sites Web plus efficacement et de charger les sites Web d&#8217;une mani\u00e8re qui refl\u00e8te vos pr\u00e9f\u00e9rences personnelles, en fonction de vos pr\u00e9c\u00e9dentes sessions de navigation sur les sites Web, ainsi que des mots-cl\u00e9s que nous pouvons collecter \u00e0 partir des URL d&#8217;autres pages Web \u00e0 partir desquelles vous ont acc\u00e9d\u00e9 aux sites Web.<\/p>\n<p><b>Quels cookies utilisons-nous ?<\/b><\/p>\n<p>Lorsque vous visitez les Sites, les types de cookies suivants peuvent \u00eatre t\u00e9l\u00e9charg\u00e9s sur votre appareil :<br \/>Cookies d&#8217;analyse et de performance<br \/>Nous pouvons utiliser des fournisseurs de services d&#8217;analyse pour analyser le trafic sur les sites Web. Les fournisseurs de services d&#8217;analyse g\u00e9n\u00e8rent des informations statistiques et autres sur l&#8217;utilisation des sites Web \u00e0 l&#8217;aide de cookies. Ils nous permettent de reconna\u00eetre et de compter le nombre de visiteurs et de voir \u00e0 quelle fr\u00e9quence les visiteurs reviennent sur les sites Web, combien de temps ils restent sur les sites Web et comment ils naviguent sur nos sites Web tout en les utilisant. Cela nous aide \u00e0 am\u00e9liorer le fonctionnement de nos sites Web, par exemple, en aidant les utilisateurs \u00e0 trouver facilement ce qu&#8217;ils recherchent. Les informations g\u00e9n\u00e9r\u00e9es sur les sites Web peuvent \u00eatre utilis\u00e9es pour cr\u00e9er des rapports sur l&#8217;utilisation des sites Web et le fournisseur de services d&#8217;analyse stockera ces informations.<\/p>\n<p><b>Cookies publicitaires ou de ciblage<\/b><\/p>\n<p>Ces cookies enregistrent votre visite sur les sites Web, les pages que vous visitez et les liens que vous suivez vers d&#8217;autres sites Web. Nous utiliserons ces informations pour essayer de rendre nos sites Web et autres sites que vous visitez plus pertinents pour vos int\u00e9r\u00eats. Nous pouvons \u00e9galement partager ces informations \u00e0 cette fin avec d&#8217;autres entit\u00e9s, telles que d&#8217;autres soci\u00e9t\u00e9s soigneusement s\u00e9lectionn\u00e9es. Nous travaillons avec des partenaires technologiques pour soutenir nos sites Web et pour vous fournir des informations pertinentes sur les produits et services des sites Web et sur les sites affili\u00e9s ou les sites appartenant aux r\u00e9seaux publicitaires avec lesquels nous travaillons. Nous pouvons utiliser des cookies sur nos sites Web pour nous aider \u00e0 placer des publicit\u00e9s pertinentes sur des sites Web tiers lorsque vous visitez ces sites. Si vous n&#8217;\u00eates pas d&#8217;accord avec cela, veuillez consulter la section de cette politique intitul\u00e9e \u00ab\u00a0Comment d\u00e9sactiver les cookies\u00a0\u00bb ci-dessous.<\/p>\n<p><b>Cookies op\u00e9rationnels<\/b><\/p>\n<p>Nous pouvons utiliser des cookies op\u00e9rationnels qui nous permettent d&#8217;enregistrer les choix que vous avez faits sur les sites Web afin de vous offrir une exp\u00e9rience utilisateur am\u00e9lior\u00e9e en vous proposant un contenu adapt\u00e9 \u00e0 vos int\u00e9r\u00eats.<\/p>\n<p><b>Cookies strictement n\u00e9cessaires<\/b><\/p>\n<p>Il s&#8217;agit de cookies n\u00e9cessaires \u00e0 l&#8217;administration et au fonctionnement de nos sites Internet. Certains des cookies que nous utilisons sont n\u00e9cessaires au bon fonctionnement de nos sites Internet et vous permettent de naviguer et d&#8217;utiliser leurs fonctionnalit\u00e9s.<\/p>\n<p><strong>Cookies tiers<\/strong><\/p>\n<p>Compte tenu de la pr\u00e9sence de FLYING DRESS LLC sur divers r\u00e9seaux sociaux, nous essayons de faciliter au maximum le partage de contenu et de d\u00e9terminer la popularit\u00e9 du contenu sur ces diff\u00e9rents r\u00e9seaux. Nous ajoutons des boutons pour permettre aux utilisateurs de partager facilement du contenu sur ces r\u00e9seaux. Nous utilisons \u00e9galement Facebook pour alimenter certaines des fonctionnalit\u00e9s de discussion en ligne sur les sites Web. Le fait que nous incluions ces plug-ins sociaux donne \u00e0 ces sites la possibilit\u00e9 d&#8217;utiliser leurs propres cookies. Ils ne peuvent pas lire les cookies que nous installons sur nos sites Web et nous ne pouvons pas lire les cookies qu&#8217;ils installent, bien qu&#8217;ils leur permettent d&#8217;effectuer les m\u00eames types de mesure de trafic sur le reste des sites Web, ainsi que de savoir si vous \u00eates connect\u00e9 \u00e0 leur site. Par exemple, si vous \u00eates connect\u00e9 \u00e0 Facebook et que vous souhaitez discuter via le widget de chat, vous pouvez le faire directement sans avoir \u00e0 vous reconnecter. Nous ne savons jamais si vous \u00eates connect\u00e9 ou non, puisque vous communiquez directement avec Facebook via leurs plug-ins sur nos sites Web. D&#8217;autres sites et services (y compris, par exemple, les r\u00e9seaux publicitaires, les fournisseurs de services externes tels que les services d&#8217;analyse du trafic Web et les moteurs de recommandation de contenu) peuvent \u00e9galement utiliser des cookies sur lesquels nous n&#8217;avons aucun contr\u00f4le. Ces cookies sont susceptibles d&#8217;\u00eatre des cookies d&#8217;analyse\/de performance ou de ciblage.<br \/>En date du 10 mai 2018, voici quelques-unes des technologies de suivi et des cookies que nous<\/p>\n<p><b>Comment d\u00e9sactiver les cookies ?<\/b><\/p>\n<p>Si vous ne souhaitez pas installer de cookies ou n&#8217;acceptez pas notre utilisation des cookies, vous pouvez modifier les param\u00e8tres de votre navigateur Web pour les refuser. Pour plus d&#8217;informations, visitez www.aboutcookies.org, www.allaboutcookies.org ou http:\/\/optout.aboutads.info\/#\/. Veuillez noter que si vous demandez \u00e0 votre navigateur de rejeter les cookies, vous ne pourrez peut-\u00eatre pas utiliser toutes les fonctionnalit\u00e9s de nos sites Web.<\/p>\n\t\t<\/div>\n\t\t\t\t\t<\/div>\n\n\t\n<\/div>\n\t\t<\/div>\n\n\t\t\n<style>\n#section_2077822818 {\n  padding-top: 30px;\n  padding-bottom: 30px;\n}\n<\/style>\n\t<\/section>\n\t\n","protected":false},"excerpt":{"rendered":"","protected":false},"author":63,"featured_media":0,"parent":0,"menu_order":0,"comment_status":"closed","ping_status":"closed","template":"","meta":{"footnotes":""},"class_list":["post-5969","page","type-page","status-publish","hentry"],"aioseo_notices":[],"_links":{"self":[{"href":"https:\/\/goddessphotoshoots.com\/fr\/wp-json\/wp\/v2\/pages\/5969","targetHints":{"allow":["GET"]}}],"collection":[{"href":"https:\/\/goddessphotoshoots.com\/fr\/wp-json\/wp\/v2\/pages"}],"about":[{"href":"https:\/\/goddessphotoshoots.com\/fr\/wp-json\/wp\/v2\/types\/page"}],"author":[{"embeddable":true,"href":"https:\/\/goddessphotoshoots.com\/fr\/wp-json\/wp\/v2\/users\/63"}],"replies":[{"embeddable":true,"href":"https:\/\/goddessphotoshoots.com\/fr\/wp-json\/wp\/v2\/comments?post=5969"}],"version-history":[{"count":4,"href":"https:\/\/goddessphotoshoots.com\/fr\/wp-json\/wp\/v2\/pages\/5969\/revisions"}],"predecessor-version":[{"id":5975,"href":"https:\/\/goddessphotoshoots.com\/fr\/wp-json\/wp\/v2\/pages\/5969\/revisions\/5975"}],"wp:attachment":[{"href":"https:\/\/goddessphotoshoots.com\/fr\/wp-json\/wp\/v2\/media?parent=5969"}],"curies":[{"name":"wp","href":"https:\/\/api.w.org\/{rel}","templated":true}]}}